{"id":1508,"date":"2015-08-16T22:12:34","date_gmt":"2015-08-16T20:12:34","guid":{"rendered":"http:\/\/www.ff-muehldorf.at\/?page_id=1508"},"modified":"2023-01-15T03:20:36","modified_gmt":"2023-01-15T02:20:36","slug":"kommando","status":"publish","type":"page","link":"https:\/\/ff-muehldorf.at\/wordpress\/kommando\/","title":{"rendered":"Kommando"},"content":{"rendered":"<p>Auf dieser Seite m\u00f6chten wir Ihnen das gew\u00e4hlte Kommando der Freiwilligen Feuerwehr M\u00fchldorf etwas n\u00e4her vorstellen. Es wurde am 13. J\u00e4nner 2023 von den Mitgliedern im Rahmen einer Vollversammlung gew\u00e4hlt und es \u00fcbt diese Funktion f\u00fcr die n\u00e4chsten 5 Jahre aus.<\/p>\n<div class=\"hrule clearfix\" style=\" height:2px\"><\/div>\n","protected":false},"excerpt":{"rendered":"<p>Auf dieser Seite m\u00f6chten wir Ihnen das gew\u00e4hlte Kommando der Freiwilligen Feuerwehr M\u00fchldorf etwas n\u00e4her vorstellen. Es wurde am 13. J\u00e4nner 2023 von den Mitgliedern im Rahmen einer Vollversammlung gew\u00e4hlt und es \u00fcbt diese Funktion f\u00fcr die n\u00e4chsten 5 Jahre &hellip; <a class=\"kt-excerpt-readmore\" href=\"https:\/\/ff-muehldorf.at\/wordpress\/kommando\/\" aria-label=\"Kommando\">weiter&#8230;<\/a><\/p>\n","protected":false},"author":7,"featured_media":0,"parent":0,"menu_order":0,"comment_status":"closed","ping_status":"closed","template":"page-staff-grid.php","meta":{"footnotes":""},"class_list":["post-1508","page","type-page","status-publish","hentry"],"_links":{"self":[{"href":"https:\/\/ff-muehldorf.at\/wordpress\/wp-json\/wp\/v2\/pages\/1508","targetHints":{"allow":["GET"]}}],"collection":[{"href":"https:\/\/ff-muehldorf.at\/wordpress\/wp-json\/wp\/v2\/pages"}],"about":[{"href":"https:\/\/ff-muehldorf.at\/wordpress\/wp-json\/wp\/v2\/types\/page"}],"author":[{"embeddable":true,"href":"https:\/\/ff-muehldorf.at\/wordpress\/wp-json\/wp\/v2\/users\/7"}],"replies":[{"embeddable":true,"href":"https:\/\/ff-muehldorf.at\/wordpress\/wp-json\/wp\/v2\/comments?post=1508"}],"version-history":[{"count":6,"href":"https:\/\/ff-muehldorf.at\/wordpress\/wp-json\/wp\/v2\/pages\/1508\/revisions"}],"predecessor-version":[{"id":9287,"href":"https:\/\/ff-muehldorf.at\/wordpress\/wp-json\/wp\/v2\/pages\/1508\/revisions\/9287"}],"wp:attachment":[{"href":"https:\/\/ff-muehldorf.at\/wordpress\/wp-json\/wp\/v2\/media?parent=1508"}],"curies":[{"name":"wp","href":"https:\/\/api.w.org\/{rel}","templated":true}]}}