{"id":1890,"date":"2015-09-05T13:16:51","date_gmt":"2015-09-05T11:16:51","guid":{"rendered":"http:\/\/www.ff-muehldorf.at\/?page_id=1890"},"modified":"2024-05-04T13:39:05","modified_gmt":"2024-05-04T11:39:05","slug":"impressum","status":"publish","type":"page","link":"https:\/\/ff-muehldorf.at\/wordpress\/impressum\/","title":{"rendered":"Impressum"},"content":{"rendered":"<h3>Freiwillige Feuerwehr M\u00fchldorf<\/h3>\n<p>&nbsp;<\/p>\n<h5>F\u00fcr den Inhalt verantwortlich:<\/h5>\n<p style=\"padding-left: 30px;\"><strong>Feuerwehrkommandant<\/strong><br \/>\nHBI Patrick Rammerstorfer<br \/>\nPesenbachweg 11, 4101 Feldkirchen<br \/>\noffice@ff-muehldorf.at<\/p>\n<p style=\"padding-left: 30px;\"><strong>Webmaster:<\/strong><br \/>\nAW Gerald Zauner<br \/>\nwebmaster@ff-muehldorf.at<\/p>\n<div class=\"hrule clearfix\" style=\" height:2px\"><\/div>\n<h5>Angaben gem\u00e4\u00df \u00a7 25 Mediengesetz:<\/h5>\n<p><em><strong>Grundlegende Richtung der Homepage:<\/strong><\/em><\/p>\n<p>Die Homepage der FF M\u00fchldorf dient der Information der \u00d6ffentlichkeit \u00fcber Aufgaben und Wirkungsbereich der FF M\u00fchldorf sowie als Informationsplattform in allen Angelegenheiten, die mit den T\u00e4tigkeitsfeldern der Freiwilligen Feuerwehr M\u00fchldorf im Zusammenhang stehen.<\/p>\n<p><strong><em>Haftungsausschluss, Nutzungsbedingungen und Copyright<\/em><\/strong><br \/>\nDie FF M\u00fchldorf kann im Hinblick auf die technischen Eigenschaften des Internet keine Gew\u00e4hr f\u00fcr die Authentizit\u00e4t, Richtigkeit und Vollst\u00e4ndigkeit der im Internet zur Verf\u00fcgung gestellten Informationen \u00fcbernehmen. Es wird auch keine Gew\u00e4hr f\u00fcr die Verf\u00fcgbarkeit oder den Betrieb der FF M\u00fchldorf-Homepage und ihrer Inhalte sowie f\u00fcr die Aktualit\u00e4t von Rechtstexten \u00fcbernommen.<\/p>\n<p>Die FF M\u00fchldorf \u00fcbernimmt \u2013 soweit rechtlich zul\u00e4ssig \u2013 keine Haftung f\u00fcr unmittelbare, mittelbare oder sonstige Sch\u00e4den, unabh\u00e4ngig von deren Ursachen, die aus der Benutzung oder Nichtverf\u00fcgbarkeit der Daten und Informationen dieser Homepage erwachsen.<\/p>\n<p>Neben den selbst erstellten Inhalten bietet die FF M\u00fchldorf auch externe Links auf die von anderen Anbietern im Internet bereit gehaltenen Inhalte. Die FF M\u00fchldorf \u00fcbernimmt jedoch keine Haftung f\u00fcr solche Anbieter und deren Informationen; f\u00fcr den Inhalt der verlinkten Website ist ausschlie\u00dflich der jeweilige Anbieter verantwortlich<\/p>\n<p>Bei Weitergabe und Vervielf\u00e4ltigung von Daten und Informationen, welche von dieser Homepage heruntergeladen oder kopiert wurden und an denen die FF M\u00fchldorf das Urheberrecht beansprucht sowie bei Legung von Links zur Homepage der FF M\u00fchldorf ist immer anzugeben, dass der Inhalt von der FF M\u00fchldorf zur Verf\u00fcgung gestellt worden ist (Quellenangabe); dies gilt auch f\u00fcr eine Weiterverwendung von Daten und Informationen im Sinne des Informationsweiterverwendungsgesetzes. Weiters ist sicherzustellen, dass jede Person, die direkt oder indirekt Zugang zu den Daten und Informationen dieser Homepage erh\u00e4lt, \u00fcber diese Bedingungen unterrichtet wird.<\/p>\n<p>Die kommerzielle Verwertung dieser Daten bedarf ausnahmslos der vorherigen Genehmigung durch das Feuerwehrkommando.<\/p>\n<p>Jegliche Daten und Informationen der FF M\u00fchldorf-Homepage, die nach Ansicht des Feuerwehrkommandos auf rechtswidrige oder unangemessene Weise verwendet werden, m\u00fcssen auf Verlangen des Feuerwehrkommandos gel\u00f6scht bzw. vernichtet werden.<\/p>\n<p>Jede Ver\u00e4nderung oder Verf\u00e4lschung von Informationsinhalten der Homepage der FF M\u00fchldorf ist verboten.<\/p>\n<p>&nbsp;<\/p>\n<div class=\"hrule clearfix\" style=\" height:2px\"><\/div>\n<p><strong>Urheberrecht<\/strong><\/p>\n<p>Die durch die Seitenbetreiber erstellten Inhalte und Werke auf diesen Seiten unterliegen dem \u00f6sterreichischen Urheberrecht. Die Vervielf\u00e4ltigung, Bearbeitung, Verbreitung und jede Art der Verwertung au\u00dferhalb der Grenzen des Urheberrechtes bed\u00fcrfen der schriftlichen Zustimmung des jeweiligen Autors bzw. Erstellers. Downloads und Kopien dieser Seite sind nur f\u00fcr den privaten, nicht kommerziellen Gebrauch gestattet. Soweit die Inhalte auf dieser Seite nicht vom Betreiber erstellt wurden, werden die Urheberrechte Dritter beachtet. Insbesondere werden Inhalte Dritter als solche gekennzeichnet. Sollten Sie trotzdem auf eine Urheberrechtsverletzung aufmerksam werden, bitten wir um einen entsprechenden Hinweis. Bei Bekanntwerden von Rechtsverletzungen werden wir derartige Inhalte umgehend entfernen.<\/p>\n<p>&nbsp;<\/p>\n<p><strong>Hosting<\/strong><br \/>\nWir hosten unsere Website bei unserem Auftragsverarbeiter Hosttech, hosttech GmbH, Warwitzstrasse 9,5020 Salzburg, \u00d6sterreich.<br \/>\nzum Zweck der Bereitstellung und der Auslieferung der Website werden Verbindungsdaten verarbeitet. Zum blo\u00dfen Zweck der Auslieferung und Bereitstellung der Website werden die Daten \u00fcber den Aufruf hinaus nicht gespeichert.<br \/>\nDie Rechtsgrundlage f\u00fcr die Datenverarbeitung ist das berechtigte Interesse (unbedingte technische Notwendigkeit zur Bereitstellung und Auslieferung des von ihnen durch ihren Aufruf ausdr\u00fccklich gew\u00fcnschten Dienstes \u201eWebsite\u201c) gem\u00e4\u00df Art. 6 Abs. 1 lit. f DSGVO.<br \/>\nZum Betrieb der Website werden die Verbindungsdaten und weitere personenbezogenen Daten zus\u00e4tzlich im Rahmen diverser anderer Funktionen bzw. Dienste verarbeitet. Dar\u00fcber wird im Rahmen dieser Datenschutzerkl\u00e4rung bei den einzelnen Funktionen bzw. Diensten im Detail informiert.<br \/>\nDie Datenschutzbestimmungen unseres Providers sind unter https:\/\/www.hosttech.at\/datenschutz abrufbar.<\/p>\n<p>&nbsp;<\/p>\n<div class=\"et_pb_module et_pb_text et_pb_text_2  et_pb_text_align_left et_pb_bg_layout_light\">\n<div class=\"et_pb_text_inner\">\n<div class=\"et-l et-l--post\">\n<div class=\"et_builder_inner_content et_pb_gutters3\"><\/div>\n<\/div>\n<\/div>\n<\/div>\n<div class=\"et_pb_module et_pb_text et_pb_text_3  et_pb_text_align_left et_pb_bg_layout_light\">\n<div class=\"et_pb_text_inner\">\n<p><strong>Betroffenenrechte<\/strong><br \/>\nSie haben zudem das Recht auf Auskunft, Berichtigung, L\u00f6schung und Einschr\u00e4nkung der Verarbeitung der personenbezogenen Daten.<br \/>\nSoweit die Rechtsgrundlage der Verarbeitung Ihrer personenbezogenen Daten in Ihrer Einwilligung oder in einem mit Ihnen abgeschlossenen Vertrag besteht, haben Sie \u00fcberdies das Recht auf Daten\u00fcbertragbarkeit.<br \/>\nWeiters haben Sie das Recht auf Beschwerde bei der Aufsichtsbeh\u00f6rde. N\u00e4here Informationen zu den Aufsichtsbeh\u00f6rden in der Europ\u00e4ischen Union finden Sie hier.<\/p>\n<\/div>\n<\/div>\n<p>&nbsp;<\/p>\n<p><strong>Kontaktformular<\/strong><br \/>\nAuf unserer Website besteht die M\u00f6glichkeit, durch ein Kontaktformular direkt mit uns in Kontakt zu treten. Nach Absenden des Kontaktformulars erfolgt eine Verarbeitung der von Ihnen eingegebenen personenbezogenen Daten durch den Verantwortlichen zum Zweck der Bearbeitung Ihrer Anfrage auf Grundlage der von Ihnen durch das Absenden des Formulars erteilten Einwilligung gem. Art. 6 Abs. 1 lit. a DSGVO bis auf Widerruf.<br \/>\nEs besteht keine gesetzliche oder vertragliche Verpflichtung zur Bereitstellung der personenbezogenen Daten. Die Nichtbereitstellung hat lediglich zur Folge, dass Sie Ihr Anliegen nicht \u00fcbermitteln und wir dieses nicht bearbeiten k\u00f6nnen.<\/p>\n<p>&nbsp;<\/p>\n<div class=\"et_pb_module et_pb_text et_pb_text_3  et_pb_text_align_left et_pb_bg_layout_light\">\n<div class=\"et_pb_text_inner\">\n<p><strong>Cookies<\/strong><br \/>\nUnsere Website verwendet so genannte Cookies. Dabei handelt es sich um kleine Textdateien, die mit Hilfe des Browsers auf Ihrem Endger\u00e4t abgelegt werden. Sie richten keinen Schaden an.<br \/>\nWir nutzen Cookies dazu, unser Angebot nutzerfreundlich zu gestalten. Einige Cookies bleiben auf Ihrem Endger\u00e4t gespeichert, bis Sie diese l\u00f6schen. Sie erm\u00f6glichen es uns, Ihren Browser beim n\u00e4chsten Besuch wiederzuerkennen.<br \/>\nWenn Sie dies nicht w\u00fcnschen, so k\u00f6nnen Sie Ihren Browser so einrichten, dass er Sie \u00fcber das Setzen von Cookies informiert und Sie dies nur im Einzelfall erlauben.<br \/>\nBei der Deaktivierung von Cookies kann die Funktionalit\u00e4t unserer Website eingeschr\u00e4nkt sein.<\/p>\n<\/div>\n<\/div>\n","protected":false},"excerpt":{"rendered":"<p>Freiwillige Feuerwehr M\u00fchldorf &nbsp; F\u00fcr den Inhalt verantwortlich: Feuerwehrkommandant HBI Patrick Rammerstorfer Pesenbachweg 11, 4101 Feldkirchen office@ff-muehldorf.at Webmaster: AW Gerald Zauner webmaster@ff-muehldorf.at Angaben gem\u00e4\u00df \u00a7 25 Mediengesetz: Grundlegende Richtung der Homepage: Die Homepage der FF M\u00fchldorf dient der Information der &hellip; <a class=\"kt-excerpt-readmore\" href=\"https:\/\/ff-muehldorf.at\/wordpress\/impressum\/\" aria-label=\"Impressum\">weiter&#8230;<\/a><\/p>\n","protected":false},"author":7,"featured_media":0,"parent":0,"menu_order":0,"comment_status":"closed","ping_status":"closed","template":"page-fullwidth.php","meta":{"footnotes":""},"class_list":["post-1890","page","type-page","status-publish","hentry"],"_links":{"self":[{"href":"https:\/\/ff-muehldorf.at\/wordpress\/wp-json\/wp\/v2\/pages\/1890","targetHints":{"allow":["GET"]}}],"collection":[{"href":"https:\/\/ff-muehldorf.at\/wordpress\/wp-json\/wp\/v2\/pages"}],"about":[{"href":"https:\/\/ff-muehldorf.at\/wordpress\/wp-json\/wp\/v2\/types\/page"}],"author":[{"embeddable":true,"href":"https:\/\/ff-muehldorf.at\/wordpress\/wp-json\/wp\/v2\/users\/7"}],"replies":[{"embeddable":true,"href":"https:\/\/ff-muehldorf.at\/wordpress\/wp-json\/wp\/v2\/comments?post=1890"}],"version-history":[{"count":10,"href":"https:\/\/ff-muehldorf.at\/wordpress\/wp-json\/wp\/v2\/pages\/1890\/revisions"}],"predecessor-version":[{"id":10758,"href":"https:\/\/ff-muehldorf.at\/wordpress\/wp-json\/wp\/v2\/pages\/1890\/revisions\/10758"}],"wp:attachment":[{"href":"https:\/\/ff-muehldorf.at\/wordpress\/wp-json\/wp\/v2\/media?parent=1890"}],"curies":[{"name":"wp","href":"https:\/\/api.w.org\/{rel}","templated":true}]}}