{"id":9765,"date":"2023-05-20T20:20:26","date_gmt":"2023-05-20T18:20:26","guid":{"rendered":"https:\/\/ff-muehldorf.at\/wordpress\/?page_id=9765"},"modified":"2025-05-01T08:24:53","modified_gmt":"2025-05-01T06:24:53","slug":"feuerloescher","status":"publish","type":"page","link":"https:\/\/ff-muehldorf.at\/wordpress\/feuerloescher\/","title":{"rendered":"Feuerl\u00f6scher \u00dcberpr\u00fcfung im Feuerwehrhaus"},"content":{"rendered":"<div class=\"row\"> <div class=\"col-md-8  \">\n<a href=\"https:\/\/ff-muehldorf.at\/wordpress\/wp-content\/uploads\/2023\/05\/20\/2023-05-20_feuerloescher-ueberpruefung-im-feuerwehrhaus.jpg\"><img loading=\"lazy\" decoding=\"async\" class=\"alignnone wp-image-11879 size-full\" src=\"https:\/\/ff-muehldorf.at\/wordpress\/wp-content\/uploads\/2023\/05\/20\/2023-05-20_feuerloescher-ueberpruefung-im-feuerwehrhaus.jpg\" alt=\"\" width=\"852\" height=\"1200\" data-id=\"9137\" srcset=\"https:\/\/ff-muehldorf.at\/wordpress\/wp-content\/uploads\/2023\/05\/20\/2023-05-20_feuerloescher-ueberpruefung-im-feuerwehrhaus.jpg 852w, https:\/\/ff-muehldorf.at\/wordpress\/wp-content\/uploads\/2023\/05\/20\/2023-05-20_feuerloescher-ueberpruefung-im-feuerwehrhaus-213x300.jpg 213w, https:\/\/ff-muehldorf.at\/wordpress\/wp-content\/uploads\/2023\/05\/20\/2023-05-20_feuerloescher-ueberpruefung-im-feuerwehrhaus-727x1024.jpg 727w, https:\/\/ff-muehldorf.at\/wordpress\/wp-content\/uploads\/2023\/05\/20\/2023-05-20_feuerloescher-ueberpruefung-im-feuerwehrhaus-768x1082.jpg 768w, https:\/\/ff-muehldorf.at\/wordpress\/wp-content\/uploads\/2023\/05\/20\/2023-05-20_feuerloescher-ueberpruefung-im-feuerwehrhaus-600x845.jpg 600w\" sizes=\"auto, (max-width: 852px) 100vw, 852px\" \/><\/a><br \/>\n<\/div><div class=\"col-md-4  \">\n<h4><strong>Informationen:<br \/>\n<\/strong><\/h4>\n<p style=\"padding-left: 30px;\"><strong>Wann:<br \/>\n<\/strong>Freitag 16. Mai 2025<br \/>\nvon 15:00 bis 18:00 Uhr<\/p>\n<p style=\"padding-left: 30px;\"><strong>Wo:<br \/>\n<\/strong>Feuerwehrhaus FF-M\u00fchldorf<br \/>\nAschacher Stra\u00dfe 51<br \/>\n4101 Feldkirchen an der Donau<\/p>\n<p style=\"padding-left: 30px;\"><strong>Ablauf:<\/strong><br \/>\n\u00dcberpr\u00fcfung ihrer Feuerl\u00f6scher die laut gesetzlichem Pr\u00fcfintervall alle 2 Jahre von einer Fachfirma \u00fcberpr\u00fcft werden m\u00fcssen!<\/p>\n<p style=\"padding-left: 30px;\">Diese Pr\u00fcfung wir durch Bezirksrauchfangkehrermeister Ing. Stefan Wasicek durchgef\u00fchrt.<\/p>\n<p style=\"padding-left: 30px;\"><strong><br \/>\nUm Wartezeiten zu vermeiden, k\u00f6nnen die Feuerl\u00f6scher schon am Donnerstag 15.05.2025 von 17:00 &#8211; 20:00 Uhr im Feuerwehrhaus abgegeben werden.<\/strong><\/p>\n<p>&nbsp;<\/p>\n<div class=\"kad-spacer clearfix\" style=\"height:10px\"><\/div>\n<h4><strong>Ort der \u00dcberpr\u00fcfung:<\/strong><\/h4>\n<div id=\"map_address826\" class=\"kt-map\"><iframe height=\"300\" src=\"https:\/\/maps.google.com\/maps?&q=Aschacher%20Stra%C3%9Fe%2051%204101%20Feldkirchen&amp;cid=&amp;t=m&amp;center=Aschacher%20Stra%C3%9Fe%2051%204101%20Feldkirchen&output=embed&z=13&iwloc=A&visual_refresh=true\"><\/iframe><\/div>\n<div class=\"kad-spacer clearfix\" style=\"height:10px\"><\/div>\n<\/div>\n<\/div>\n<div class=\"row\">\n<h4><strong>Weitere Informationen:<\/strong><\/h4>\n<a href=\"https:\/\/www.facebook.com\/FeuerwehrMuehldorf\" target=\"_blank\" class=\"kad-icon-box-78  kad-icon-box \"><i class=\"icon-facebook2\" style=\"font-size:80px;\"><\/i>\n<h4>Facebook<\/h4>\n<\/a><style type=\"text\/css\" media=\"screen\">.kad-icon-box-78 {background:#ffffff;} .kad-icon-box-78, .kad-icon-box-78 h1, .kad-icon-box-78 h2, .kad-icon-box-78 h3, .kad-icon-box-78 h4, .kad-icon-box-78 h5 {color:#6f7072 !important;} .kad-icon-box-78:hover {background:;} .kad-icon-box-78:hover, .kad-icon-box-78:hover h1, .kad-icon-box-78:hover h2, .kad-icon-box-78:hover h3, .kad-icon-box-78:hover h4, .kad-icon-box-78:hover h5 {color:#3b5998 !important;}<\/style>\n<div class=\"kad-spacer clearfix\" style=\"height:30px\"><\/div>\n<\/div>\n<div class=\"kad-spacer clearfix\" style=\"height:30px\"><\/div>\n","protected":false},"excerpt":{"rendered":"","protected":false},"author":7,"featured_media":0,"parent":0,"menu_order":0,"comment_status":"closed","ping_status":"closed","template":"","meta":{"footnotes":""},"class_list":["post-9765","page","type-page","status-publish","hentry"],"_links":{"self":[{"href":"https:\/\/ff-muehldorf.at\/wordpress\/wp-json\/wp\/v2\/pages\/9765","targetHints":{"allow":["GET"]}}],"collection":[{"href":"https:\/\/ff-muehldorf.at\/wordpress\/wp-json\/wp\/v2\/pages"}],"about":[{"href":"https:\/\/ff-muehldorf.at\/wordpress\/wp-json\/wp\/v2\/types\/page"}],"author":[{"embeddable":true,"href":"https:\/\/ff-muehldorf.at\/wordpress\/wp-json\/wp\/v2\/users\/7"}],"replies":[{"embeddable":true,"href":"https:\/\/ff-muehldorf.at\/wordpress\/wp-json\/wp\/v2\/comments?post=9765"}],"version-history":[{"count":20,"href":"https:\/\/ff-muehldorf.at\/wordpress\/wp-json\/wp\/v2\/pages\/9765\/revisions"}],"predecessor-version":[{"id":11880,"href":"https:\/\/ff-muehldorf.at\/wordpress\/wp-json\/wp\/v2\/pages\/9765\/revisions\/11880"}],"wp:attachment":[{"href":"https:\/\/ff-muehldorf.at\/wordpress\/wp-json\/wp\/v2\/media?parent=9765"}],"curies":[{"name":"wp","href":"https:\/\/api.w.org\/{rel}","templated":true}]}}